{"id":2818,"date":"2020-12-03T11:52:18","date_gmt":"2020-12-03T08:52:18","guid":{"rendered":"https:\/\/www.betadizayn.com.tr\/?page_id=2818"},"modified":"2023-01-05T21:15:09","modified_gmt":"2023-01-05T18:15:09","slug":"fotograf-galerisi","status":"publish","type":"page","link":"https:\/\/betadizayn.com.tr\/ru\/fotograf-galerisi\/","title":{"rendered":"\u0424\u041e\u0422\u041e \u0413\u0410\u041b\u0415\u0420\u0415\u042f"},"content":{"rendered":"\n\n\t\t\t<div class=\"mainHeading noslogan\">\n\t\t\t\t<div class=\"icon foto\"><\/div>\n\t\t\t\t<div class=\"title\">\u0424\u041e\u0422\u041e\u0413\u0410\u041b\u0415\u0420\u0415\u042f<\/div>\n\t\t\t<\/div>\n\n\t\t\n<div id='gallery-1' class='gallery galleryid-2818 gallery-columns-4 gallery-size-thumbnail'><dl class='gallery-item'>\n\t\t\t<dt class='gallery-icon landscape'>\n\t\t\t\t<a href='https:\/\/betadizayn.com.tr\/ru\/wp-content\/uploads\/2020\/11\/show-market-dizayn-luxera-06.jpg'><img width=\"150\" height=\"150\" src=\"https:\/\/betadizayn.com.tr\/ru\/wp-content\/uploads\/2020\/11\/show-market-dizayn-luxera-06-150x150.jpg\" class=\"attachment-thumbnail size-thumbnail\" alt=\"Show Market Market Dizayn\" loading=\"lazy\" \/><\/a>\n\t\t\t<\/dt><\/dl><dl class='gallery-item'>\n\t\t\t<dt class='gallery-icon landscape'>\n\t\t\t\t<a href='https:\/\/betadizayn.com.tr\/ru\/wp-content\/uploads\/2020\/11\/show-manav-reyonu-luxera-01.jpg'><img width=\"150\" height=\"150\" src=\"https:\/\/betadizayn.com.tr\/ru\/wp-content\/uploads\/2020\/11\/show-manav-reyonu-luxera-01-150x150.jpg\" class=\"attachment-thumbnail size-thumbnail\" alt=\"Show Market Manav Reyonu\" loading=\"lazy\" \/><\/a>\n\t\t\t<\/dt><\/dl><dl class='gallery-item'>\n\t\t\t<dt class='gallery-icon landscape'>\n\t\t\t\t<a href='https:\/\/betadizayn.com.tr\/ru\/wp-content\/uploads\/2020\/10\/Manav-reyonu-202004.jpg'><img width=\"150\" height=\"150\" src=\"https:\/\/betadizayn.com.tr\/ru\/wp-content\/uploads\/2020\/10\/Manav-reyonu-202004-150x150.jpg\" class=\"attachment-thumbnail size-thumbnail\" alt=\"Butik manav reyonu\" loading=\"lazy\" \/><\/a>\n\t\t\t<\/dt><\/dl><dl class='gallery-item'>\n\t\t\t<dt class='gallery-icon landscape'>\n\t\t\t\t<a href='https:\/\/betadizayn.com.tr\/ru\/wp-content\/uploads\/2020\/10\/Manav-reyonu-202003.jpg'><img width=\"150\" height=\"150\" src=\"https:\/\/betadizayn.com.tr\/ru\/wp-content\/uploads\/2020\/10\/Manav-reyonu-202003-150x150.jpg\" class=\"attachment-thumbnail size-thumbnail\" alt=\"\u0130ki katl\u0131 butik manav reyonu\" loading=\"lazy\" \/><\/a>\n\t\t\t<\/dt><\/dl><br style=\"clear: both\" \/><dl class='gallery-item'>\n\t\t\t<dt class='gallery-icon landscape'>\n\t\t\t\t<a href='https:\/\/betadizayn.com.tr\/ru\/wp-content\/uploads\/2020\/10\/Manav-reyonu-202002.jpg'><img width=\"150\" height=\"150\" src=\"https:\/\/betadizayn.com.tr\/ru\/wp-content\/uploads\/2020\/10\/Manav-reyonu-202002-150x150.jpg\" class=\"attachment-thumbnail size-thumbnail\" alt=\"Aynal\u0131 manav reyonu ve ah\u015fap dekor \u00f6rne\u011fi.\" loading=\"lazy\" \/><\/a>\n\t\t\t<\/dt><\/dl><dl class='gallery-item'>\n\t\t\t<dt class='gallery-icon landscape'>\n\t\t\t\t<a href='https:\/\/betadizayn.com.tr\/ru\/wp-content\/uploads\/2020\/09\/Glutensiz-gurme-24.jpg'><img width=\"150\" height=\"150\" src=\"https:\/\/betadizayn.com.tr\/ru\/wp-content\/uploads\/2020\/09\/Glutensiz-gurme-24-150x150.jpg\" class=\"attachment-thumbnail size-thumbnail\" alt=\"Gurme Glutensiz Restoran dizayn\u0131\" loading=\"lazy\" \/><\/a>\n\t\t\t<\/dt><\/dl><dl class='gallery-item'>\n\t\t\t<dt class='gallery-icon landscape'>\n\t\t\t\t<a href='https:\/\/betadizayn.com.tr\/ru\/wp-content\/uploads\/2020\/09\/Glutensiz-gurme-23.jpg'><img width=\"150\" height=\"150\" src=\"https:\/\/betadizayn.com.tr\/ru\/wp-content\/uploads\/2020\/09\/Glutensiz-gurme-23-150x150.jpg\" class=\"attachment-thumbnail size-thumbnail\" alt=\"Gurme Glutensiz Restoran dizayn\u0131\" loading=\"lazy\" \/><\/a>\n\t\t\t<\/dt><\/dl><dl class='gallery-item'>\n\t\t\t<dt class='gallery-icon landscape'>\n\t\t\t\t<a href='https:\/\/betadizayn.com.tr\/ru\/wp-content\/uploads\/2020\/09\/Glutensiz-gurme-19.jpg'><img width=\"150\" height=\"150\" src=\"https:\/\/betadizayn.com.tr\/ru\/wp-content\/uploads\/2020\/09\/Glutensiz-gurme-19-150x150.jpg\" class=\"attachment-thumbnail size-thumbnail\" alt=\"Gurme Glutensiz Restoran dizayn\u0131\" loading=\"lazy\" \/><\/a>\n\t\t\t<\/dt><\/dl><br style=\"clear: both\" \/><dl class='gallery-item'>\n\t\t\t<dt class='gallery-icon landscape'>\n\t\t\t\t<a href='https:\/\/betadizayn.com.tr\/ru\/wp-content\/uploads\/2020\/09\/Glutensiz-gurme-09.jpg'><img width=\"150\" height=\"150\" src=\"https:\/\/betadizayn.com.tr\/ru\/wp-content\/uploads\/2020\/09\/Glutensiz-gurme-09-150x150.jpg\" class=\"attachment-thumbnail size-thumbnail\" alt=\"Gurme Glutensiz Restoran dizayn\u0131\" loading=\"lazy\" \/><\/a>\n\t\t\t<\/dt><\/dl><dl class='gallery-item'>\n\t\t\t<dt class='gallery-icon landscape'>\n\t\t\t\t<a href='https:\/\/betadizayn.com.tr\/ru\/wp-content\/uploads\/2020\/09\/Glutensiz-gurme-07.jpg'><img width=\"150\" height=\"150\" src=\"https:\/\/betadizayn.com.tr\/ru\/wp-content\/uploads\/2020\/09\/Glutensiz-gurme-07-150x150.jpg\" class=\"attachment-thumbnail size-thumbnail\" alt=\"Gurme Glutensiz Restoran dizayn\u0131\" loading=\"lazy\" \/><\/a>\n\t\t\t<\/dt><\/dl><dl class='gallery-item'>\n\t\t\t<dt class='gallery-icon landscape'>\n\t\t\t\t<a href='https:\/\/betadizayn.com.tr\/ru\/wp-content\/uploads\/2020\/09\/Glutensiz-gurme-03.jpg'><img width=\"150\" height=\"150\" src=\"https:\/\/betadizayn.com.tr\/ru\/wp-content\/uploads\/2020\/09\/Glutensiz-gurme-03-150x150.jpg\" class=\"attachment-thumbnail size-thumbnail\" alt=\"Gurme Glutensiz Restoran dizayn\u0131\" loading=\"lazy\" \/><\/a>\n\t\t\t<\/dt><\/dl><dl class='gallery-item'>\n\t\t\t<dt class='gallery-icon landscape'>\n\t\t\t\t<a href='https:\/\/betadizayn.com.tr\/ru\/wp-content\/uploads\/2020\/08\/Angora-18-sarkuteri-dizayn.jpg'><img width=\"150\" height=\"150\" src=\"https:\/\/betadizayn.com.tr\/ru\/wp-content\/uploads\/2020\/08\/Angora-18-sarkuteri-dizayn-150x150.jpg\" class=\"attachment-thumbnail size-thumbnail\" alt=\"Gurme \u015eark\u00fcteri tavan dekoru\" loading=\"lazy\" \/><\/a>\n\t\t\t<\/dt><\/dl><br style=\"clear: both\" \/><dl class='gallery-item'>\n\t\t\t<dt class='gallery-icon landscape'>\n\t\t\t\t<a href='https:\/\/betadizayn.com.tr\/ru\/wp-content\/uploads\/2020\/08\/Angora-16-sarkuteri-dizayn.jpg'><img width=\"150\" height=\"150\" src=\"https:\/\/betadizayn.com.tr\/ru\/wp-content\/uploads\/2020\/08\/Angora-16-sarkuteri-dizayn-150x150.jpg\" class=\"attachment-thumbnail size-thumbnail\" alt=\"Gurme \u015eark\u00fcteri dekorasyonu\" loading=\"lazy\" \/><\/a>\n\t\t\t<\/dt><\/dl><dl class='gallery-item'>\n\t\t\t<dt class='gallery-icon landscape'>\n\t\t\t\t<a href='https:\/\/betadizayn.com.tr\/ru\/wp-content\/uploads\/2020\/08\/Angora-13-sarkuteri-dizayn.jpg'><img width=\"150\" height=\"150\" src=\"https:\/\/betadizayn.com.tr\/ru\/wp-content\/uploads\/2020\/08\/Angora-13-sarkuteri-dizayn-150x150.jpg\" class=\"attachment-thumbnail size-thumbnail\" alt=\"Gurme \u015eark\u00fcteri dekoru\" loading=\"lazy\" \/><\/a>\n\t\t\t<\/dt><\/dl><dl class='gallery-item'>\n\t\t\t<dt class='gallery-icon landscape'>\n\t\t\t\t<a href='https:\/\/betadizayn.com.tr\/ru\/wp-content\/uploads\/2020\/08\/Angora-10-sarkuteri-dizayn.jpg'><img width=\"150\" height=\"150\" src=\"https:\/\/betadizayn.com.tr\/ru\/wp-content\/uploads\/2020\/08\/Angora-10-sarkuteri-dizayn-150x150.jpg\" class=\"attachment-thumbnail size-thumbnail\" alt=\"Gurme \u015eark\u00fcteri\" loading=\"lazy\" \/><\/a>\n\t\t\t<\/dt><\/dl><dl class='gallery-item'>\n\t\t\t<dt class='gallery-icon landscape'>\n\t\t\t\t<a href='https:\/\/betadizayn.com.tr\/ru\/wp-content\/uploads\/2020\/08\/Angora-03-sarkuteri-dizayn.jpg'><img width=\"150\" height=\"150\" src=\"https:\/\/betadizayn.com.tr\/ru\/wp-content\/uploads\/2020\/08\/Angora-03-sarkuteri-dizayn-150x150.jpg\" class=\"attachment-thumbnail size-thumbnail\" alt=\"Gurme \u015eark\u00fcteri tavan dekoru\" loading=\"lazy\" \/><\/a>\n\t\t\t<\/dt><\/dl><br style=\"clear: both\" \/><dl class='gallery-item'>\n\t\t\t<dt class='gallery-icon landscape'>\n\t\t\t\t<a href='https:\/\/betadizayn.com.tr\/ru\/wp-content\/uploads\/2020\/05\/market-dizayni-kuruyemis-reyonu-snw-kb-01.jpg'><img width=\"150\" height=\"150\" src=\"https:\/\/betadizayn.com.tr\/ru\/wp-content\/uploads\/2020\/05\/market-dizayni-kuruyemis-reyonu-snw-kb-01-150x150.jpg\" class=\"attachment-thumbnail size-thumbnail\" alt=\"Market dizayn\u0131 kuruyemi\u015f stand\u0131\" loading=\"lazy\" \/><\/a>\n\t\t\t<\/dt><\/dl><dl class='gallery-item'>\n\t\t\t<dt class='gallery-icon landscape'>\n\t\t\t\t<a href='https:\/\/betadizayn.com.tr\/ru\/wp-content\/uploads\/2020\/05\/market-dizayni-kolon-kaplama-snw-kb-02.jpg'><img width=\"150\" height=\"150\" src=\"https:\/\/betadizayn.com.tr\/ru\/wp-content\/uploads\/2020\/05\/market-dizayni-kolon-kaplama-snw-kb-02-150x150.jpg\" class=\"attachment-thumbnail size-thumbnail\" alt=\"Market dizayn\u0131 kolon kaplamas\u0131\" loading=\"lazy\" \/><\/a>\n\t\t\t<\/dt><\/dl><dl class='gallery-item'>\n\t\t\t<dt class='gallery-icon landscape'>\n\t\t\t\t<a href='https:\/\/betadizayn.com.tr\/ru\/wp-content\/uploads\/2020\/05\/ekmek-reyonu-snowy-kb-01.jpg'><img width=\"150\" height=\"150\" src=\"https:\/\/betadizayn.com.tr\/ru\/wp-content\/uploads\/2020\/05\/ekmek-reyonu-snowy-kb-01-150x150.jpg\" class=\"attachment-thumbnail size-thumbnail\" alt=\"Market dizayn\u0131 ekmek reyonu\" loading=\"lazy\" \/><\/a>\n\t\t\t<\/dt><\/dl><dl class='gallery-item'>\n\t\t\t<dt class='gallery-icon landscape'>\n\t\t\t\t<a href='https:\/\/betadizayn.com.tr\/ru\/wp-content\/uploads\/2020\/05\/market-orta-teshir-snw-kb-05.jpg'><img width=\"150\" height=\"150\" src=\"https:\/\/betadizayn.com.tr\/ru\/wp-content\/uploads\/2020\/05\/market-orta-teshir-snw-kb-05-150x150.jpg\" class=\"attachment-thumbnail size-thumbnail\" alt=\"Market dizayn\u0131 orta stant\" loading=\"lazy\" \/><\/a>\n\t\t\t<\/dt><\/dl><br style=\"clear: both\" \/><dl class='gallery-item'>\n\t\t\t<dt class='gallery-icon landscape'>\n\t\t\t\t<a href='https:\/\/betadizayn.com.tr\/ru\/wp-content\/uploads\/2020\/05\/market-dizayn-raf-snowy-kb-03.jpg'><img width=\"150\" height=\"150\" src=\"https:\/\/betadizayn.com.tr\/ru\/wp-content\/uploads\/2020\/05\/market-dizayn-raf-snowy-kb-03-150x150.jpg\" class=\"attachment-thumbnail size-thumbnail\" alt=\"Market dizayn\u0131 metal raf sistemleri\" loading=\"lazy\" \/><\/a>\n\t\t\t<\/dt><\/dl><dl class='gallery-item'>\n\t\t\t<dt class='gallery-icon landscape'>\n\t\t\t\t<a href='https:\/\/betadizayn.com.tr\/ru\/wp-content\/uploads\/2020\/05\/market-dizayn-raf-snowy-kb-02.jpg'><img width=\"150\" height=\"150\" src=\"https:\/\/betadizayn.com.tr\/ru\/wp-content\/uploads\/2020\/05\/market-dizayn-raf-snowy-kb-02-150x150.jpg\" class=\"attachment-thumbnail size-thumbnail\" alt=\"Market dizayn\u0131 metal raf sistemleri\" loading=\"lazy\" \/><\/a>\n\t\t\t<\/dt><\/dl><dl class='gallery-item'>\n\t\t\t<dt class='gallery-icon landscape'>\n\t\t\t\t<a href='https:\/\/betadizayn.com.tr\/ru\/wp-content\/uploads\/2020\/02\/Manav-reyonu-show05.jpg'><img width=\"150\" height=\"150\" src=\"https:\/\/betadizayn.com.tr\/ru\/wp-content\/uploads\/2020\/02\/Manav-reyonu-show05-150x150.jpg\" class=\"attachment-thumbnail size-thumbnail\" alt=\"Show Market manav reyonu\" loading=\"lazy\" \/><\/a>\n\t\t\t<\/dt><\/dl><dl class='gallery-item'>\n\t\t\t<dt class='gallery-icon landscape'>\n\t\t\t\t<a href='https:\/\/betadizayn.com.tr\/ru\/wp-content\/uploads\/2019\/11\/Snowy-bn-kuruyemis-reyonu-01.jpg'><img width=\"150\" height=\"150\" src=\"https:\/\/betadizayn.com.tr\/ru\/wp-content\/uploads\/2019\/11\/Snowy-bn-kuruyemis-reyonu-01-150x150.jpg\" class=\"attachment-thumbnail size-thumbnail\" alt=\"Snowy market kuruyemi\u015f reyonu\" loading=\"lazy\" \/><\/a>\n\t\t\t<\/dt><\/dl><br style=\"clear: both\" \/><dl class='gallery-item'>\n\t\t\t<dt class='gallery-icon landscape'>\n\t\t\t\t<a href='https:\/\/betadizayn.com.tr\/ru\/wp-content\/uploads\/2019\/10\/DilekMarket-18-bakliyat-reyonu.jpg'><img width=\"150\" height=\"150\" src=\"https:\/\/betadizayn.com.tr\/ru\/wp-content\/uploads\/2019\/10\/DilekMarket-18-bakliyat-reyonu-150x150.jpg\" class=\"attachment-thumbnail size-thumbnail\" alt=\"Bakliyat reyonu ve ah\u015fap raf dekor\" loading=\"lazy\" \/><\/a>\n\t\t\t<\/dt><\/dl><dl class='gallery-item'>\n\t\t\t<dt class='gallery-icon landscape'>\n\t\t\t\t<a href='https:\/\/betadizayn.com.tr\/ru\/wp-content\/uploads\/2019\/10\/DilekMarket-03-ekmek-reyonu.jpg'><img width=\"150\" height=\"150\" src=\"https:\/\/betadizayn.com.tr\/ru\/wp-content\/uploads\/2019\/10\/DilekMarket-03-ekmek-reyonu-150x150.jpg\" class=\"attachment-thumbnail size-thumbnail\" alt=\"Dilek Market Ekmek Reyonu\" loading=\"lazy\" \/><\/a>\n\t\t\t<\/dt><\/dl><dl class='gallery-item'>\n\t\t\t<dt class='gallery-icon landscape'>\n\t\t\t\t<a href='https:\/\/betadizayn.com.tr\/ru\/wp-content\/uploads\/2019\/08\/firin-02.jpg'><img width=\"150\" height=\"150\" src=\"https:\/\/betadizayn.com.tr\/ru\/wp-content\/uploads\/2019\/08\/firin-02-150x150.jpg\" class=\"attachment-thumbnail size-thumbnail\" alt=\"F\u0131r\u0131n\" loading=\"lazy\" \/><\/a>\n\t\t\t<\/dt><\/dl><dl class='gallery-item'>\n\t\t\t<dt class='gallery-icon landscape'>\n\t\t\t\t<a href='https:\/\/betadizayn.com.tr\/ru\/wp-content\/uploads\/2019\/08\/firin-01.jpg'><img width=\"150\" height=\"150\" src=\"https:\/\/betadizayn.com.tr\/ru\/wp-content\/uploads\/2019\/08\/firin-01-150x150.jpg\" class=\"attachment-thumbnail size-thumbnail\" alt=\"F\u0131r\u0131n\" loading=\"lazy\" \/><\/a>\n\t\t\t<\/dt><\/dl><br style=\"clear: both\" \/><dl class='gallery-item'>\n\t\t\t<dt class='gallery-icon landscape'>\n\t\t\t\t<a href='https:\/\/betadizayn.com.tr\/ru\/wp-content\/uploads\/2019\/08\/gurme-betadizayn-01.jpg'><img width=\"150\" height=\"150\" src=\"https:\/\/betadizayn.com.tr\/ru\/wp-content\/uploads\/2019\/08\/gurme-betadizayn-01-150x150.jpg\" class=\"attachment-thumbnail size-thumbnail\" alt=\"Gurme Dizayn\u0131\" loading=\"lazy\" \/><\/a>\n\t\t\t<\/dt><\/dl><dl class='gallery-item'>\n\t\t\t<dt class='gallery-icon landscape'>\n\t\t\t\t<a href='https:\/\/betadizayn.com.tr\/ru\/wp-content\/uploads\/2019\/04\/Demtas-er-manav-01.jpg'><img width=\"150\" height=\"150\" src=\"https:\/\/betadizayn.com.tr\/ru\/wp-content\/uploads\/2019\/04\/Demtas-er-manav-01-150x150.jpg\" class=\"attachment-thumbnail size-thumbnail\" alt=\"Demta\u015f Market Caddebostan\" loading=\"lazy\" \/><\/a>\n\t\t\t<\/dt><\/dl><dl class='gallery-item'>\n\t\t\t<dt class='gallery-icon landscape'>\n\t\t\t\t<a href='https:\/\/betadizayn.com.tr\/ru\/wp-content\/uploads\/2019\/04\/Demtas-er-kasap-03.jpg'><img width=\"150\" height=\"150\" src=\"https:\/\/betadizayn.com.tr\/ru\/wp-content\/uploads\/2019\/04\/Demtas-er-kasap-03-150x150.jpg\" class=\"attachment-thumbnail size-thumbnail\" alt=\"\u015eark\u00fcteri \u00fcst\u00fc tavan dekoru\" loading=\"lazy\" \/><\/a>\n\t\t\t<\/dt><\/dl><dl class='gallery-item'>\n\t\t\t<dt class='gallery-icon landscape'>\n\t\t\t\t<a href='https:\/\/betadizayn.com.tr\/ru\/wp-content\/uploads\/2019\/08\/magaza-dizayni-06-1.jpg'><img width=\"150\" height=\"150\" src=\"https:\/\/betadizayn.com.tr\/ru\/wp-content\/uploads\/2019\/08\/magaza-dizayni-06-1-150x150.jpg\" class=\"attachment-thumbnail size-thumbnail\" alt=\"Ma\u011faza Dizayn\u0131\" loading=\"lazy\" \/><\/a>\n\t\t\t<\/dt><\/dl><br style=\"clear: both\" \/>\n\t\t<\/div>\n\n<div style=\"text-align:left\" class=\"yasr-auto-insert-visitor\"><\/div>","protected":false},"excerpt":{"rendered":"","protected":false},"author":3,"featured_media":0,"parent":0,"menu_order":0,"comment_status":"closed","ping_status":"closed","template":"","meta":{"yasr_overall_rating":0,"yasr_post_is_review":"","yasr_auto_insert_disabled":"","yasr_review_type":""},"yasr_visitor_votes":{"number_of_votes":0,"sum_votes":0,"stars_attributes":{"read_only":false,"span_bottom":false}},"_links":{"self":[{"href":"https:\/\/betadizayn.com.tr\/ru\/wp-json\/wp\/v2\/pages\/2818"}],"collection":[{"href":"https:\/\/betadizayn.com.tr\/ru\/wp-json\/wp\/v2\/pages"}],"about":[{"href":"https:\/\/betadizayn.com.tr\/ru\/wp-json\/wp\/v2\/types\/page"}],"author":[{"embeddable":true,"href":"https:\/\/betadizayn.com.tr\/ru\/wp-json\/wp\/v2\/users\/3"}],"replies":[{"embeddable":true,"href":"https:\/\/betadizayn.com.tr\/ru\/wp-json\/wp\/v2\/comments?post=2818"}],"version-history":[{"count":3,"href":"https:\/\/betadizayn.com.tr\/ru\/wp-json\/wp\/v2\/pages\/2818\/revisions"}],"predecessor-version":[{"id":4168,"href":"https:\/\/betadizayn.com.tr\/ru\/wp-json\/wp\/v2\/pages\/2818\/revisions\/4168"}],"wp:attachment":[{"href":"https:\/\/betadizayn.com.tr\/ru\/wp-json\/wp\/v2\/media?parent=2818"}],"curies":[{"name":"wp","href":"https:\/\/api.w.org\/{rel}","templated":true}]}}